{"id":3586,"date":"2026-02-11T17:03:31","date_gmt":"2026-02-11T16:03:31","guid":{"rendered":"https:\/\/rulity.pl\/?page_id=3586"},"modified":"2026-02-11T17:12:52","modified_gmt":"2026-02-11T16:12:52","slug":"kontakt-2","status":"publish","type":"page","link":"https:\/\/rulity.pl\/en\/kontakt-2\/","title":{"rendered":"Contact"},"content":{"rendered":"<div data-elementor-type=\"wp-page\" data-elementor-id=\"3586\" class=\"elementor elementor-3586\" data-elementor-post-type=\"page\">\n\t\t\t\t<div class=\"elementor-element elementor-element-66d237b e-con-full e-flex e-con e-parent\" data-id=\"66d237b\" data-element_type=\"container\" data-e-type=\"container\" data-settings=\"{&quot;background_background&quot;:&quot;classic&quot;}\">\n\t\t\t\t<div class=\"elementor-element elementor-element-3c187d2 elementor-widget elementor-widget-heading\" data-id=\"3c187d2\" data-element_type=\"widget\" data-e-type=\"widget\" data-widget_type=\"heading.default\">\n\t\t\t\t<div class=\"elementor-widget-container\">\n\t\t\t\t\t<h1 class=\"elementor-heading-title elementor-size-default\">Contact us<\/h1>\t\t\t\t<\/div>\n\t\t\t\t<\/div>\n\t\t\t\t<\/div>\n\t\t<div class=\"elementor-element elementor-element-c67a2ce e-con-full e-flex e-con e-parent\" data-id=\"c67a2ce\" data-element_type=\"container\" data-e-type=\"container\">\n\t\t<div class=\"elementor-element elementor-element-aa6d6cf e-con-full e-flex e-con e-child\" data-id=\"aa6d6cf\" data-element_type=\"container\" data-e-type=\"container\">\n\t\t<div class=\"elementor-element elementor-element-6952d16 e-con-full e-flex e-con e-child\" data-id=\"6952d16\" data-element_type=\"container\" data-e-type=\"container\" data-settings=\"{&quot;background_background&quot;:&quot;classic&quot;}\">\n\t\t<div class=\"elementor-element elementor-element-d5f9f94 e-con-full kon-c e-flex e-con e-child\" data-id=\"d5f9f94\" data-element_type=\"container\" data-e-type=\"container\">\n\t\t\t\t<div class=\"elementor-element elementor-element-5046c6d mi elementor-widget elementor-widget-heading\" data-id=\"5046c6d\" data-element_type=\"widget\" data-e-type=\"widget\" data-widget_type=\"heading.default\">\n\t\t\t\t<div class=\"elementor-widget-container\">\n\t\t\t\t\t<span class=\"elementor-heading-title elementor-size-default\"><span class=\"material-symbols-outlined\">\nphone_iphone\n<\/span><\/span>\t\t\t\t<\/div>\n\t\t\t\t<\/div>\n\t\t\t\t<div class=\"elementor-element elementor-element-d587109 elementor-widget elementor-widget-heading\" data-id=\"d587109\" data-element_type=\"widget\" data-e-type=\"widget\" data-widget_type=\"heading.default\">\n\t\t\t\t<div class=\"elementor-widget-container\">\n\t\t\t\t\t<h6 class=\"elementor-heading-title elementor-size-default\"><a href=\"tel:+48609555023\">+48 609 555 023<br>+48 739 904 268<\/a><\/h6>\t\t\t\t<\/div>\n\t\t\t\t<\/div>\n\t\t\t\t<\/div>\n\t\t<div class=\"elementor-element elementor-element-ca140a6 e-con-full kon-c e-flex e-con e-child\" data-id=\"ca140a6\" data-element_type=\"container\" data-e-type=\"container\">\n\t\t\t\t<div class=\"elementor-element elementor-element-c9c314d mi elementor-widget elementor-widget-heading\" data-id=\"c9c314d\" data-element_type=\"widget\" data-e-type=\"widget\" data-widget_type=\"heading.default\">\n\t\t\t\t<div class=\"elementor-widget-container\">\n\t\t\t\t\t<span class=\"elementor-heading-title elementor-size-default\"><span class=\"material-symbols-outlined\">\nemail\n<\/span><\/span>\t\t\t\t<\/div>\n\t\t\t\t<\/div>\n\t\t\t\t<div class=\"elementor-element elementor-element-4bd0f4d elementor-widget elementor-widget-heading\" data-id=\"4bd0f4d\" data-element_type=\"widget\" data-e-type=\"widget\" data-widget_type=\"heading.default\">\n\t\t\t\t<div class=\"elementor-widget-container\">\n\t\t\t\t\t<h6 class=\"elementor-heading-title elementor-size-default\"><a href=\"mailto:biuro@rulity.pl\">biuro@rulity.pl\n<\/a><\/h6>\t\t\t\t<\/div>\n\t\t\t\t<\/div>\n\t\t\t\t<\/div>\n\t\t<div class=\"elementor-element elementor-element-c2f6536 e-con-full kon-c e-flex e-con e-child\" data-id=\"c2f6536\" data-element_type=\"container\" data-e-type=\"container\">\n\t\t\t\t<div class=\"elementor-element elementor-element-2ecf437 mi elementor-widget elementor-widget-heading\" data-id=\"2ecf437\" data-element_type=\"widget\" data-e-type=\"widget\" data-widget_type=\"heading.default\">\n\t\t\t\t<div class=\"elementor-widget-container\">\n\t\t\t\t\t<span class=\"elementor-heading-title elementor-size-default\"><span class=\"material-symbols-outlined\">\nlocation_pin\n<\/span><\/span>\t\t\t\t<\/div>\n\t\t\t\t<\/div>\n\t\t\t\t<div class=\"elementor-element elementor-element-b72e0a0 elementor-widget elementor-widget-heading\" data-id=\"b72e0a0\" data-element_type=\"widget\" data-e-type=\"widget\" data-widget_type=\"heading.default\">\n\t\t\t\t<div class=\"elementor-widget-container\">\n\t\t\t\t\t<h6 class=\"elementor-heading-title elementor-size-default\">32\/7 D\u0105browskiego St.<br>\n60-843 Pozna\u0144\n<\/h6>\t\t\t\t<\/div>\n\t\t\t\t<\/div>\n\t\t\t\t<\/div>\n\t\t\t\t<\/div>\n\t\t<div class=\"elementor-element elementor-element-84fff74 e-con-full e-flex e-con e-child\" data-id=\"84fff74\" data-element_type=\"container\" data-e-type=\"container\" data-settings=\"{&quot;background_background&quot;:&quot;classic&quot;}\">\n\t\t\t\t<div class=\"elementor-element elementor-element-b715680 elementor-widget elementor-widget-shortcode\" data-id=\"b715680\" data-element_type=\"widget\" data-e-type=\"widget\" data-widget_type=\"shortcode.default\">\n\t\t\t\t<div class=\"elementor-widget-container\">\n\t\t\t\t\t\t\t<div class=\"elementor-shortcode\">\n<div class=\"wpcf7 no-js\" id=\"wpcf7-f1882-o1\" lang=\"pl-PL\" dir=\"ltr\" data-wpcf7-id=\"1882\">\n<div class=\"screen-reader-response\"><p role=\"status\" aria-live=\"polite\" aria-atomic=\"true\"><\/p> <ul><\/ul><\/div>\n<form action=\"\/en\/wp-json\/wp\/v2\/pages\/3586#wpcf7-f1882-o1\" method=\"post\" class=\"wpcf7-form init\" aria-label=\"Contact form\" novalidate=\"novalidate\" data-status=\"init\" data-trp-original-action=\"\/en\/wp-json\/wp\/v2\/pages\/3586#wpcf7-f1882-o1\">\n<fieldset class=\"hidden-fields-container\"><input type=\"hidden\" name=\"_wpcf7\" value=\"1882\" \/><input type=\"hidden\" name=\"_wpcf7_version\" value=\"6.1.5\" \/><input type=\"hidden\" name=\"_wpcf7_locale\" value=\"pl_PL\" \/><input type=\"hidden\" name=\"_wpcf7_unit_tag\" value=\"wpcf7-f1882-o1\" \/><input type=\"hidden\" name=\"_wpcf7_container_post\" value=\"0\" \/><input type=\"hidden\" name=\"_wpcf7_posted_data_hash\" value=\"\" \/>\n<\/fieldset>\n<div class=\"cf\">\n\t<p><span class=\"wpcf7-form-control-wrap\" data-name=\"imie\"><input size=\"40\" maxlength=\"400\" class=\"wpcf7-form-control wpcf7-text wpcf7-validates-as-required in\" aria-required=\"true\" aria-invalid=\"false\" placeholder=\"Name\" value=\"\" type=\"text\" name=\"imie\" \/><\/span>\n\t<\/p>\n\t<p><span class=\"wpcf7-form-control-wrap\" data-name=\"email\"><input size=\"40\" maxlength=\"400\" class=\"wpcf7-form-control wpcf7-email wpcf7-validates-as-required wpcf7-text wpcf7-validates-as-email in\" aria-required=\"true\" aria-invalid=\"false\" placeholder=\"E-mail address\" value=\"\" type=\"email\" name=\"email\" \/><\/span>\n\t<\/p>\n\t<p><span class=\"wpcf7-form-control-wrap\" data-name=\"tresc\"><textarea cols=\"40\" rows=\"10\" maxlength=\"2000\" class=\"wpcf7-form-control wpcf7-textarea\" aria-invalid=\"false\" placeholder=\"Your message\" name=\"tresc\"><\/textarea><\/span>\n\t<\/p>\n\t<p><span class=\"wpcf7-form-control-wrap\" data-name=\"zgoda\"><span class=\"wpcf7-form-control wpcf7-acceptance\"><span class=\"wpcf7-list-item\"><label><input type=\"checkbox\" name=\"zgoda\" value=\"1\" class=\"zgoda\" aria-invalid=\"false\" \/><span class=\"wpcf7-list-item-label\">I have read and accept the provisions of the <a href=\"\/en\/regulamin\/\">Rules of Procedure<\/a>.<\/span><\/label><\/span><\/span><\/span>\n\t<\/p>\n\t<p><span class=\"wpcf7-form-control-wrap\" data-name=\"zgoda\"><span class=\"wpcf7-form-control wpcf7-acceptance\"><span class=\"wpcf7-list-item\"><label><input type=\"checkbox\" name=\"zgoda\" value=\"1\" class=\"zgoda\" aria-invalid=\"false\" \/><span class=\"wpcf7-list-item-label\">I have familiarised myself with <a href=\"\/en\/polityka-prywatnosci\/\">Privacy Policy<\/a>.<\/span><\/label><\/span><\/span><\/span>\n\t<\/p>\n\t<p><input class=\"wpcf7-form-control wpcf7-submit has-spinner wyslij\" id=\"wyslij\" type=\"submit\" value=\"Send\" \/>\n\t<\/p>\n<\/div><div class=\"wpcf7-response-output\" aria-hidden=\"true\"><\/div>\n<input type=\"hidden\" name=\"trp-form-language\" value=\"en\"\/><\/form>\n<\/div>\n<\/div>\n\t\t\t\t\t\t<\/div>\n\t\t\t\t<\/div>\n\t\t\t\t<\/div>\n\t\t\t\t<\/div>\n\t\t\t\t<\/div>\n\t\t<div class=\"elementor-element elementor-element-06b504c e-con-full e-flex e-con e-parent\" data-id=\"06b504c\" data-element_type=\"container\" data-e-type=\"container\" data-settings=\"{&quot;position&quot;:&quot;absolute&quot;}\">\n\t\t\t\t<div class=\"elementor-element elementor-element-317f919 elementor-widget elementor-widget-html\" data-id=\"317f919\" data-element_type=\"widget\" data-e-type=\"widget\" data-widget_type=\"html.default\">\n\t\t\t\t<div class=\"elementor-widget-container\">\n\t\t\t\t\t<script>\n\nfunction tab(x, y) {\nif (!$(x).hasClass('act')) {\n    $('.ac-tab').removeClass('act');\n    $('.ac-img').removeClass('act-i');\n    $(x).addClass('act');\n    $(y).addClass('act-i');\n}\n}\n\n$('#a1').on('click', function() {\n  tab('#a1', '#i1');\n} );\n$('#a2').on('click', function() {\n  tab('#a2', '#i2');\n} );\n$('#a3').on('click', function() {\n  tab('#a3', '#i3');\n} );\n$('#a4').on('click', function() {\n  tab('#a4', '#i4');\n} );\n\n\n\n\n$('.header').addClass('wh');\n\n<\/script>\t\t\t\t<\/div>\n\t\t\t\t<\/div>\n\t\t\t\t<\/div>\n\t\t\t\t<\/div>","protected":false},"excerpt":{"rendered":"<p>Contact us phone_iphone +48 609 555 023+48 739 904 268 email biuro@rulity.pl location_pin ul D\u0105browskiego 32\/7 60-843 Pozna\u0144<\/p>","protected":false},"author":1,"featured_media":0,"parent":0,"menu_order":0,"comment_status":"closed","ping_status":"closed","template":"","meta":{"footnotes":""},"class_list":["post-3586","page","type-page","status-publish","hentry"],"yoast_head":"<!-- This site is optimized with the Yoast SEO plugin v27.4 - https:\/\/yoast.com\/product\/yoast-seo-wordpress\/ -->\n<title>Kontakt | Rulity Consulting \u2013 obs\u0142uga prawna e-commerce<\/title>\n<meta name=\"description\" content=\"Skontaktuj si\u0119 z Rulity Consulting. Oferujemy wsparcie prawne dla e-commerce i biznesu online. Zadzwo\u0144, napisz lub wype\u0142nij formularz.\" \/>\n<meta name=\"robots\" content=\"index, follow, max-snippet:-1, max-image-preview:large, max-video-preview:-1\" \/>\n<link rel=\"canonical\" href=\"https:\/\/rulity.pl\/en\/kontakt-2\/\" \/>\n<meta property=\"og:locale\" content=\"en_GB\" \/>\n<meta property=\"og:type\" content=\"article\" \/>\n<meta property=\"og:title\" content=\"Kontakt | Rulity Consulting \u2013 obs\u0142uga prawna e-commerce\" \/>\n<meta property=\"og:description\" content=\"Skontaktuj si\u0119 z Rulity Consulting. Oferujemy wsparcie prawne dla e-commerce i biznesu online. Zadzwo\u0144, napisz lub wype\u0142nij formularz.\" \/>\n<meta property=\"og:url\" content=\"https:\/\/rulity.pl\/en\/kontakt-2\/\" \/>\n<meta property=\"og:site_name\" content=\"Rulity Consulting\" \/>\n<meta property=\"article:modified_time\" content=\"2026-02-11T16:12:52+00:00\" \/>\n<meta name=\"twitter:card\" content=\"summary_large_image\" \/>\n<meta name=\"twitter:label1\" content=\"Estimated reading time\" \/>\n\t<meta name=\"twitter:data1\" content=\"1 minute\" \/>\n<script type=\"application\/ld+json\" class=\"yoast-schema-graph\">{\"@context\":\"https:\\\/\\\/schema.org\",\"@graph\":[{\"@type\":\"WebPage\",\"@id\":\"https:\\\/\\\/rulity.pl\\\/kontakt-2\\\/\",\"url\":\"https:\\\/\\\/rulity.pl\\\/kontakt-2\\\/\",\"name\":\"Kontakt | Rulity Consulting \u2013 obs\u0142uga prawna e-commerce\",\"isPartOf\":{\"@id\":\"https:\\\/\\\/rulity.pl\\\/#website\"},\"datePublished\":\"2026-02-11T16:03:31+00:00\",\"dateModified\":\"2026-02-11T16:12:52+00:00\",\"description\":\"Skontaktuj si\u0119 z Rulity Consulting. Oferujemy wsparcie prawne dla e-commerce i biznesu online. Zadzwo\u0144, napisz lub wype\u0142nij formularz.\",\"breadcrumb\":{\"@id\":\"https:\\\/\\\/rulity.pl\\\/kontakt-2\\\/#breadcrumb\"},\"inLanguage\":\"en-GB\",\"potentialAction\":[{\"@type\":\"ReadAction\",\"target\":[\"https:\\\/\\\/rulity.pl\\\/kontakt-2\\\/\"]}]},{\"@type\":\"BreadcrumbList\",\"@id\":\"https:\\\/\\\/rulity.pl\\\/kontakt-2\\\/#breadcrumb\",\"itemListElement\":[{\"@type\":\"ListItem\",\"position\":1,\"name\":\"Strona g\u0142\u00f3wna\",\"item\":\"https:\\\/\\\/rulity.pl\\\/\"},{\"@type\":\"ListItem\",\"position\":2,\"name\":\"Kontakt\"}]},{\"@type\":\"WebSite\",\"@id\":\"https:\\\/\\\/rulity.pl\\\/#website\",\"url\":\"https:\\\/\\\/rulity.pl\\\/\",\"name\":\"Rulity Consulting\",\"description\":\"Wsparcie prawne dla e-commerce\",\"publisher\":{\"@id\":\"https:\\\/\\\/rulity.pl\\\/#organization\"},\"potentialAction\":[{\"@type\":\"SearchAction\",\"target\":{\"@type\":\"EntryPoint\",\"urlTemplate\":\"https:\\\/\\\/rulity.pl\\\/?s={search_term_string}\"},\"query-input\":{\"@type\":\"PropertyValueSpecification\",\"valueRequired\":true,\"valueName\":\"search_term_string\"}}],\"inLanguage\":\"en-GB\"},{\"@type\":\"Organization\",\"@id\":\"https:\\\/\\\/rulity.pl\\\/#organization\",\"name\":\"Rulity Consulting\",\"url\":\"https:\\\/\\\/rulity.pl\\\/\",\"logo\":{\"@type\":\"ImageObject\",\"inLanguage\":\"en-GB\",\"@id\":\"https:\\\/\\\/rulity.pl\\\/#\\\/schema\\\/logo\\\/image\\\/\",\"url\":\"https:\\\/\\\/rulity.pl\\\/wp-content\\\/uploads\\\/2023\\\/01\\\/logo.svg\",\"contentUrl\":\"https:\\\/\\\/rulity.pl\\\/wp-content\\\/uploads\\\/2023\\\/01\\\/logo.svg\",\"width\":100,\"height\":100,\"caption\":\"Rulity Consulting\"},\"image\":{\"@id\":\"https:\\\/\\\/rulity.pl\\\/#\\\/schema\\\/logo\\\/image\\\/\"}}]}<\/script>\n<!-- \/ Yoast SEO plugin. -->","yoast_head_json":{"title":"Contact | Rulity Consulting - legal services for e-commerce","description":"Get in touch with Rulity Consulting. We offer legal support for e-commerce and online business. Call, write or fill in the form.","robots":{"index":"index","follow":"follow","max-snippet":"max-snippet:-1","max-image-preview":"max-image-preview:large","max-video-preview":"max-video-preview:-1"},"canonical":"https:\/\/rulity.pl\/en\/kontakt-2\/","og_locale":"en_GB","og_type":"article","og_title":"Kontakt | Rulity Consulting \u2013 obs\u0142uga prawna e-commerce","og_description":"Skontaktuj si\u0119 z Rulity Consulting. Oferujemy wsparcie prawne dla e-commerce i biznesu online. Zadzwo\u0144, napisz lub wype\u0142nij formularz.","og_url":"https:\/\/rulity.pl\/en\/kontakt-2\/","og_site_name":"Rulity Consulting","article_modified_time":"2026-02-11T16:12:52+00:00","twitter_card":"summary_large_image","twitter_misc":{"Estimated reading time":"1 minute"},"schema":{"@context":"https:\/\/schema.org","@graph":[{"@type":"WebPage","@id":"https:\/\/rulity.pl\/kontakt-2\/","url":"https:\/\/rulity.pl\/kontakt-2\/","name":"Contact | Rulity Consulting - legal services for e-commerce","isPartOf":{"@id":"https:\/\/rulity.pl\/#website"},"datePublished":"2026-02-11T16:03:31+00:00","dateModified":"2026-02-11T16:12:52+00:00","description":"Get in touch with Rulity Consulting. We offer legal support for e-commerce and online business. Call, write or fill in the form.","breadcrumb":{"@id":"https:\/\/rulity.pl\/kontakt-2\/#breadcrumb"},"inLanguage":"en-GB","potentialAction":[{"@type":"ReadAction","target":["https:\/\/rulity.pl\/kontakt-2\/"]}]},{"@type":"BreadcrumbList","@id":"https:\/\/rulity.pl\/kontakt-2\/#breadcrumb","itemListElement":[{"@type":"ListItem","position":1,"name":"Strona g\u0142\u00f3wna","item":"https:\/\/rulity.pl\/"},{"@type":"ListItem","position":2,"name":"Kontakt"}]},{"@type":"WebSite","@id":"https:\/\/rulity.pl\/#website","url":"https:\/\/rulity.pl\/","name":"Rulity Consulting","description":"Legal support for e-commerce","publisher":{"@id":"https:\/\/rulity.pl\/#organization"},"potentialAction":[{"@type":"SearchAction","target":{"@type":"EntryPoint","urlTemplate":"https:\/\/rulity.pl\/?s={search_term_string}"},"query-input":{"@type":"PropertyValueSpecification","valueRequired":true,"valueName":"search_term_string"}}],"inLanguage":"en-GB"},{"@type":"Organization","@id":"https:\/\/rulity.pl\/#organization","name":"Rulity Consulting","url":"https:\/\/rulity.pl\/","logo":{"@type":"ImageObject","inLanguage":"en-GB","@id":"https:\/\/rulity.pl\/#\/schema\/logo\/image\/","url":"https:\/\/rulity.pl\/wp-content\/uploads\/2023\/01\/logo.svg","contentUrl":"https:\/\/rulity.pl\/wp-content\/uploads\/2023\/01\/logo.svg","width":100,"height":100,"caption":"Rulity Consulting"},"image":{"@id":"https:\/\/rulity.pl\/#\/schema\/logo\/image\/"}}]}},"_links":{"self":[{"href":"https:\/\/rulity.pl\/en\/wp-json\/wp\/v2\/pages\/3586","targetHints":{"allow":["GET"]}}],"collection":[{"href":"https:\/\/rulity.pl\/en\/wp-json\/wp\/v2\/pages"}],"about":[{"href":"https:\/\/rulity.pl\/en\/wp-json\/wp\/v2\/types\/page"}],"author":[{"embeddable":true,"href":"https:\/\/rulity.pl\/en\/wp-json\/wp\/v2\/users\/1"}],"replies":[{"embeddable":true,"href":"https:\/\/rulity.pl\/en\/wp-json\/wp\/v2\/comments?post=3586"}],"version-history":[{"count":1,"href":"https:\/\/rulity.pl\/en\/wp-json\/wp\/v2\/pages\/3586\/revisions"}],"predecessor-version":[{"id":4013,"href":"https:\/\/rulity.pl\/en\/wp-json\/wp\/v2\/pages\/3586\/revisions\/4013"}],"wp:attachment":[{"href":"https:\/\/rulity.pl\/en\/wp-json\/wp\/v2\/media?parent=3586"}],"curies":[{"name":"wp","href":"https:\/\/api.w.org\/{rel}","templated":true}]}}